{"id":5343,"date":"2020-07-15T09:27:09","date_gmt":"2020-07-15T09:27:09","guid":{"rendered":"https:\/\/projetctd.sltm.ca\/index.php\/achievements\/"},"modified":"2023-12-26T21:33:31","modified_gmt":"2023-12-26T21:33:31","slug":"achievements","status":"publish","type":"page","link":"https:\/\/projetctd.ca\/en\/achievements\/","title":{"rendered":"Achievements"},"content":{"rendered":"\t\t<div data-elementor-type=\"wp-page\" data-elementor-id=\"5343\" class=\"elementor elementor-5343 elementor-4097\" data-elementor-post-type=\"page\">\n\t\t\t\t\t\t<section class=\"elementor-section elementor-top-section elementor-element elementor-element-49f1b86 elementor-section-boxed elementor-section-height-default elementor-section-height-default\" data-id=\"49f1b86\" data-element_type=\"section\" data-e-type=\"section\">\n\t\t\t\t\t\t<div class=\"elementor-container elementor-column-gap-default\">\n\t\t\t\t\t<div class=\"elementor-column elementor-col-100 elementor-top-column elementor-element elementor-element-2291630 ot-flex-column-vertical\" data-id=\"2291630\" data-element_type=\"column\" data-e-type=\"column\">\n\t\t\t<div class=\"elementor-widget-wrap elementor-element-populated\">\n\t\t\t\t\t\t<div class=\"elementor-element elementor-element-0e4678c theratio-align-center elementor-widget elementor-widget-iheading\" data-id=\"0e4678c\" data-element_type=\"widget\" data-e-type=\"widget\" data-widget_type=\"iheading.default\">\n\t\t\t\t<div class=\"elementor-widget-container\">\n\t\t\t\t\t\t\t<div class=\"ot-heading is-dots\">\r\n\t        \t            <span>[ Our achievements ]<\/span>\r\n\t        \t        <h2 class=\"main-heading\">Take a look at our projects <\/h2>\r\n\t        \t    <\/div>\r\n\t    \t\t\t\t<\/div>\n\t\t\t\t<\/div>\n\t\t\t\t<div class=\"elementor-element elementor-element-077dd85 elementor-widget elementor-widget-ipfilter\" data-id=\"077dd85\" data-element_type=\"widget\" data-e-type=\"widget\" data-widget_type=\"ipfilter.default\">\n\t\t\t\t<div class=\"elementor-widget-container\">\n\t\t\t\t\t\r\n\t\t<div class=\"project-filter-wrapper\">\r\n\t\t\t\t        \t<div class=\"container\">\r\n\t        \t\t<ul class=\"project_filters\">\r\n\t        \t\t\t\t        \t\t\t \t<li><a href=\"#\" data-filter=\"*\" class=\"selected btn-details\">All<\/a><\/li>\r\n\t        \t\t\t\t\t                \t\t                \t<li>\r\n\t\t\t\t\t\t\t\t<a class=\"btn-details\" href='#' data-filter='.category-55'>Interior finishing<\/a>\r\n\t\t\t\t\t\t\t<\/li>\t                   \r\n\t\t                \t\t                \t<li>\r\n\t\t\t\t\t\t\t\t<a class=\"btn-details\" href='#' data-filter='.category-56'>Renovation<\/a>\r\n\t\t\t\t\t\t\t<\/li>\t                   \r\n\t\t                \t\t\t\t\t<\/ul>\r\n\t\t\t\t<\/div>\r\n\t        \t\t\t\t        <div class=\"projects-grid pf_3_cols style-3 img-scale w-auto\" data-load=\"3\" data-count=\"6\">\r\n\t\t\t<div class=\"grid-sizer\"><\/div>\r\n\t            \r\n<div class=\"project-item category-56 \">\r\n\t<div class=\"projects-box\">\r\n\t\t<div class=\"projects-thumbnail\" data-src=\"https:\/\/projetctd.ca\/wp-content\/uploads\/2022\/02\/IMG_2652-scaled.jpg\" data-sub-html=\"Renovations\">\r\n\t\t\t<a href=\"https:\/\/projetctd.ca\/en\/portfolio\/renovations-9\/\">\r\n\t\t\t\t<img fetchpriority=\"high\" decoding=\"async\" width=\"720\" height=\"720\" src=\"https:\/\/projetctd.ca\/wp-content\/uploads\/2022\/02\/IMG_2652-720x720.jpg\" class=\"attachment-theratio-portfolio-thumbnail-grid size-theratio-portfolio-thumbnail-grid wp-post-image\" alt=\"sous-sol r\u00e9nov\u00e9\" srcset=\"https:\/\/projetctd.ca\/wp-content\/uploads\/2022\/02\/IMG_2652-720x720.jpg 720w, https:\/\/projetctd.ca\/wp-content\/uploads\/2022\/02\/IMG_2652-150x150.jpg 150w\" sizes=\"(max-width: 720px) 100vw, 720px\" title=\"\">\t\t\t<\/a>\r\n\t\t\t\r\n\t\t\t<span class=\"overlay\">\r\n\t\t\t\t<h5>Renovations<\/h5>\r\n\t\t\t\t<i class=\"ot-flaticon-add\"><\/i>\r\n\t\t\t<\/span>\r\n\t\t<\/div>\r\n\t\t<div class=\"portfolio-info\">\r\n\t\t\t<div class=\"portfolio-info-inner\">\r\n\t\t\t\t<h5><a class=\"title-link\" href=\"https:\/\/projetctd.ca\/en\/portfolio\/renovations-9\/\" data-src=\"https:\/\/projetctd.ca\/wp-content\/uploads\/2022\/02\/IMG_2652-scaled.jpg\" data-sub-html=\"Renovations\">Renovations<\/a><\/h5>\r\n\t\t\t\t<p class=\"portfolio-cates\"><a href=\"https:\/\/projetctd.ca\/en\/portfolio-category\/renovation-2\/\">Renovation<\/a><\/p> \r\n\t\t\t<\/div>\r\n\t\t\t<a class=\"overlay\" href=\"https:\/\/projetctd.ca\/en\/portfolio\/renovations-9\/\"><\/a>\r\n\t\t<\/div>\r\n\t<\/div>\r\n<\/div>\r\n<div class=\"project-item category-55 \">\r\n\t<div class=\"projects-box\">\r\n\t\t<div class=\"projects-thumbnail\" data-src=\"https:\/\/projetctd.ca\/wp-content\/uploads\/2022\/02\/IMG_3388-min-scaled.jpg\" data-sub-html=\"Title\">\r\n\t\t\t<a href=\"https:\/\/projetctd.ca\/en\/portfolio\/title\/\">\r\n\t\t\t\t<img decoding=\"async\" width=\"720\" height=\"720\" src=\"https:\/\/projetctd.ca\/wp-content\/uploads\/2022\/02\/IMG_3388-min-720x720.jpg\" class=\"attachment-theratio-portfolio-thumbnail-grid size-theratio-portfolio-thumbnail-grid wp-post-image\" alt=\"cuisine dans un condo moderne\" srcset=\"https:\/\/projetctd.ca\/wp-content\/uploads\/2022\/02\/IMG_3388-min-720x720.jpg 720w, https:\/\/projetctd.ca\/wp-content\/uploads\/2022\/02\/IMG_3388-min-150x150.jpg 150w\" sizes=\"(max-width: 720px) 100vw, 720px\" title=\"\">\t\t\t<\/a>\r\n\t\t\t\r\n\t\t\t<span class=\"overlay\">\r\n\t\t\t\t<h5>Title<\/h5>\r\n\t\t\t\t<i class=\"ot-flaticon-add\"><\/i>\r\n\t\t\t<\/span>\r\n\t\t<\/div>\r\n\t\t<div class=\"portfolio-info\">\r\n\t\t\t<div class=\"portfolio-info-inner\">\r\n\t\t\t\t<h5><a class=\"title-link\" href=\"https:\/\/projetctd.ca\/en\/portfolio\/title\/\" data-src=\"https:\/\/projetctd.ca\/wp-content\/uploads\/2022\/02\/IMG_3388-min-scaled.jpg\" data-sub-html=\"Title\">Title<\/a><\/h5>\r\n\t\t\t\t<p class=\"portfolio-cates\"><a href=\"https:\/\/projetctd.ca\/en\/portfolio-category\/interior-finishing\/\">Interior finishing<\/a><\/p> \r\n\t\t\t<\/div>\r\n\t\t\t<a class=\"overlay\" href=\"https:\/\/projetctd.ca\/en\/portfolio\/title\/\"><\/a>\r\n\t\t<\/div>\r\n\t<\/div>\r\n<\/div>\r\n<div class=\"project-item category-56 \">\r\n\t<div class=\"projects-box\">\r\n\t\t<div class=\"projects-thumbnail\" data-src=\"https:\/\/projetctd.ca\/wp-content\/uploads\/2022\/02\/IMG_2659-scaled.jpg\" data-sub-html=\"Renovations\">\r\n\t\t\t<a href=\"https:\/\/projetctd.ca\/en\/portfolio\/renovations-8\/\">\r\n\t\t\t\t<img decoding=\"async\" width=\"720\" height=\"720\" src=\"https:\/\/projetctd.ca\/wp-content\/uploads\/2022\/02\/IMG_2659-720x720.jpg\" class=\"attachment-theratio-portfolio-thumbnail-grid size-theratio-portfolio-thumbnail-grid wp-post-image\" alt=\"salle de bain moderne\" srcset=\"https:\/\/projetctd.ca\/wp-content\/uploads\/2022\/02\/IMG_2659-720x720.jpg 720w, https:\/\/projetctd.ca\/wp-content\/uploads\/2022\/02\/IMG_2659-150x150.jpg 150w\" sizes=\"(max-width: 720px) 100vw, 720px\" title=\"\">\t\t\t<\/a>\r\n\t\t\t\r\n\t\t\t<span class=\"overlay\">\r\n\t\t\t\t<h5>Renovations<\/h5>\r\n\t\t\t\t<i class=\"ot-flaticon-add\"><\/i>\r\n\t\t\t<\/span>\r\n\t\t<\/div>\r\n\t\t<div class=\"portfolio-info\">\r\n\t\t\t<div class=\"portfolio-info-inner\">\r\n\t\t\t\t<h5><a class=\"title-link\" href=\"https:\/\/projetctd.ca\/en\/portfolio\/renovations-8\/\" data-src=\"https:\/\/projetctd.ca\/wp-content\/uploads\/2022\/02\/IMG_2659-scaled.jpg\" data-sub-html=\"Renovations\">Renovations<\/a><\/h5>\r\n\t\t\t\t<p class=\"portfolio-cates\"><a href=\"https:\/\/projetctd.ca\/en\/portfolio-category\/renovation-2\/\">Renovation<\/a><\/p> \r\n\t\t\t<\/div>\r\n\t\t\t<a class=\"overlay\" href=\"https:\/\/projetctd.ca\/en\/portfolio\/renovations-8\/\"><\/a>\r\n\t\t<\/div>\r\n\t<\/div>\r\n<\/div>\r\n<div class=\"project-item category-56 \">\r\n\t<div class=\"projects-box\">\r\n\t\t<div class=\"projects-thumbnail\" data-src=\"https:\/\/projetctd.ca\/wp-content\/uploads\/2022\/02\/IMG_2899-scaled.jpg\" data-sub-html=\"Renovations\">\r\n\t\t\t<a href=\"https:\/\/projetctd.ca\/en\/portfolio\/renovations-7\/\">\r\n\t\t\t\t<img loading=\"lazy\" decoding=\"async\" width=\"720\" height=\"720\" src=\"https:\/\/projetctd.ca\/wp-content\/uploads\/2022\/02\/IMG_2899-720x720.jpg\" class=\"attachment-theratio-portfolio-thumbnail-grid size-theratio-portfolio-thumbnail-grid wp-post-image\" alt=\"maison r\u00e9nov\u00e9e mur de t\u00e9l\u00e9 en bois\" srcset=\"https:\/\/projetctd.ca\/wp-content\/uploads\/2022\/02\/IMG_2899-720x720.jpg 720w, https:\/\/projetctd.ca\/wp-content\/uploads\/2022\/02\/IMG_2899-150x150.jpg 150w\" sizes=\"(max-width: 720px) 100vw, 720px\" title=\"\">\t\t\t<\/a>\r\n\t\t\t\r\n\t\t\t<span class=\"overlay\">\r\n\t\t\t\t<h5>Renovations<\/h5>\r\n\t\t\t\t<i class=\"ot-flaticon-add\"><\/i>\r\n\t\t\t<\/span>\r\n\t\t<\/div>\r\n\t\t<div class=\"portfolio-info\">\r\n\t\t\t<div class=\"portfolio-info-inner\">\r\n\t\t\t\t<h5><a class=\"title-link\" href=\"https:\/\/projetctd.ca\/en\/portfolio\/renovations-7\/\" data-src=\"https:\/\/projetctd.ca\/wp-content\/uploads\/2022\/02\/IMG_2899-scaled.jpg\" data-sub-html=\"Renovations\">Renovations<\/a><\/h5>\r\n\t\t\t\t<p class=\"portfolio-cates\"><a href=\"https:\/\/projetctd.ca\/en\/portfolio-category\/renovation-2\/\">Renovation<\/a><\/p> \r\n\t\t\t<\/div>\r\n\t\t\t<a class=\"overlay\" href=\"https:\/\/projetctd.ca\/en\/portfolio\/renovations-7\/\"><\/a>\r\n\t\t<\/div>\r\n\t<\/div>\r\n<\/div>\r\n<div class=\"project-item category-56 \">\r\n\t<div class=\"projects-box\">\r\n\t\t<div class=\"projects-thumbnail\" data-src=\"https:\/\/projetctd.ca\/wp-content\/uploads\/2022\/02\/IMG_2912-scaled.jpg\" data-sub-html=\"Renovations\">\r\n\t\t\t<a href=\"https:\/\/projetctd.ca\/en\/portfolio\/renovations\/\">\r\n\t\t\t\t<img loading=\"lazy\" decoding=\"async\" width=\"720\" height=\"720\" src=\"https:\/\/projetctd.ca\/wp-content\/uploads\/2022\/02\/IMG_2912-720x720.jpg\" class=\"attachment-theratio-portfolio-thumbnail-grid size-theratio-portfolio-thumbnail-grid wp-post-image\" alt=\"salon dans une maison moderne\" srcset=\"https:\/\/projetctd.ca\/wp-content\/uploads\/2022\/02\/IMG_2912-720x720.jpg 720w, https:\/\/projetctd.ca\/wp-content\/uploads\/2022\/02\/IMG_2912-150x150.jpg 150w\" sizes=\"(max-width: 720px) 100vw, 720px\" title=\"\">\t\t\t<\/a>\r\n\t\t\t\r\n\t\t\t<span class=\"overlay\">\r\n\t\t\t\t<h5>Renovations<\/h5>\r\n\t\t\t\t<i class=\"ot-flaticon-add\"><\/i>\r\n\t\t\t<\/span>\r\n\t\t<\/div>\r\n\t\t<div class=\"portfolio-info\">\r\n\t\t\t<div class=\"portfolio-info-inner\">\r\n\t\t\t\t<h5><a class=\"title-link\" href=\"https:\/\/projetctd.ca\/en\/portfolio\/renovations\/\" data-src=\"https:\/\/projetctd.ca\/wp-content\/uploads\/2022\/02\/IMG_2912-scaled.jpg\" data-sub-html=\"Renovations\">Renovations<\/a><\/h5>\r\n\t\t\t\t<p class=\"portfolio-cates\"><a href=\"https:\/\/projetctd.ca\/en\/portfolio-category\/renovation-2\/\">Renovation<\/a><\/p> \r\n\t\t\t<\/div>\r\n\t\t\t<a class=\"overlay\" href=\"https:\/\/projetctd.ca\/en\/portfolio\/renovations\/\"><\/a>\r\n\t\t<\/div>\r\n\t<\/div>\r\n<\/div>\r\n<div class=\"project-item category-56 \">\r\n\t<div class=\"projects-box\">\r\n\t\t<div class=\"projects-thumbnail\" data-src=\"https:\/\/projetctd.ca\/wp-content\/uploads\/2023\/11\/chalet1-1.jpg\" data-sub-html=\"New construction\">\r\n\t\t\t<a href=\"https:\/\/projetctd.ca\/en\/portfolio\/new-construction\/\">\r\n\t\t\t\t<img loading=\"lazy\" decoding=\"async\" width=\"720\" height=\"720\" src=\"https:\/\/projetctd.ca\/wp-content\/uploads\/2023\/11\/chalet1-1-720x720.jpg\" class=\"attachment-theratio-portfolio-thumbnail-grid size-theratio-portfolio-thumbnail-grid wp-post-image\" alt=\"maison moderne\" srcset=\"https:\/\/projetctd.ca\/wp-content\/uploads\/2023\/11\/chalet1-1-720x720.jpg 720w, https:\/\/projetctd.ca\/wp-content\/uploads\/2023\/11\/chalet1-1-300x300.jpg 300w, https:\/\/projetctd.ca\/wp-content\/uploads\/2023\/11\/chalet1-1-1024x1024.jpg 1024w, https:\/\/projetctd.ca\/wp-content\/uploads\/2023\/11\/chalet1-1-150x150.jpg 150w, https:\/\/projetctd.ca\/wp-content\/uploads\/2023\/11\/chalet1-1-768x768.jpg 768w, https:\/\/projetctd.ca\/wp-content\/uploads\/2023\/11\/chalet1-1-1536x1536.jpg 1536w, https:\/\/projetctd.ca\/wp-content\/uploads\/2023\/11\/chalet1-1.jpg 1920w\" sizes=\"(max-width: 720px) 100vw, 720px\" title=\"\">\t\t\t<\/a>\r\n\t\t\t\r\n\t\t\t<span class=\"overlay\">\r\n\t\t\t\t<h5>New construction<\/h5>\r\n\t\t\t\t<i class=\"ot-flaticon-add\"><\/i>\r\n\t\t\t<\/span>\r\n\t\t<\/div>\r\n\t\t<div class=\"portfolio-info\">\r\n\t\t\t<div class=\"portfolio-info-inner\">\r\n\t\t\t\t<h5><a class=\"title-link\" href=\"https:\/\/projetctd.ca\/en\/portfolio\/new-construction\/\" data-src=\"https:\/\/projetctd.ca\/wp-content\/uploads\/2023\/11\/chalet1-1.jpg\" data-sub-html=\"New construction\">New construction<\/a><\/h5>\r\n\t\t\t\t<p class=\"portfolio-cates\"><a href=\"https:\/\/projetctd.ca\/en\/portfolio-category\/renovation-2\/\">Renovation<\/a><\/p> \r\n\t\t\t<\/div>\r\n\t\t\t<a class=\"overlay\" href=\"https:\/\/projetctd.ca\/en\/portfolio\/new-construction\/\"><\/a>\r\n\t\t<\/div>\r\n\t<\/div>\r\n<\/div>\t\t\t<\/div>\r\n\r\n\t\t\t<div class=\"btn-block\"><a href=\"#\" class=\"btn-loadmore octf-btn\" data-category=\"55,56\" data-loaded=\"SEE MORE\" data-loading=\"Loading\" data-style=\"grid\">SEE MORE<\/a><\/div>\t    <\/div>\r\n\t\t\t\t\t\t\t\t\t\t\r\n\t    \t\t\t\t<\/div>\n\t\t\t\t<\/div>\n\t\t\t\t\t<\/div>\n\t\t<\/div>\n\t\t\t\t\t<\/div>\n\t\t<\/section>\n\t\t\t\t<\/div>\n\t\t","protected":false},"excerpt":{"rendered":"<p>[ Our achievements ] Take a look at our projects All Interior finishing Renovation Renovations Renovations Renovation Title Title Interior finishing Renovations Renovations Renovation Renovations Renovations Renovation Renovations Renovations Renovation New construction New construction Renovation SEE MORE<\/p>\n","protected":false},"author":1,"featured_media":0,"parent":0,"menu_order":0,"comment_status":"closed","ping_status":"closed","template":"","meta":{"footnotes":""},"class_list":["post-5343","page","type-page","status-publish","hentry"],"_links":{"self":[{"href":"https:\/\/projetctd.ca\/en\/wp-json\/wp\/v2\/pages\/5343","targetHints":{"allow":["GET"]}}],"collection":[{"href":"https:\/\/projetctd.ca\/en\/wp-json\/wp\/v2\/pages"}],"about":[{"href":"https:\/\/projetctd.ca\/en\/wp-json\/wp\/v2\/types\/page"}],"author":[{"embeddable":true,"href":"https:\/\/projetctd.ca\/en\/wp-json\/wp\/v2\/users\/1"}],"replies":[{"embeddable":true,"href":"https:\/\/projetctd.ca\/en\/wp-json\/wp\/v2\/comments?post=5343"}],"version-history":[{"count":0,"href":"https:\/\/projetctd.ca\/en\/wp-json\/wp\/v2\/pages\/5343\/revisions"}],"wp:attachment":[{"href":"https:\/\/projetctd.ca\/en\/wp-json\/wp\/v2\/media?parent=5343"}],"curies":[{"name":"wp","href":"https:\/\/api.w.org\/{rel}","templated":true}]}}