{"id":5341,"date":"2022-02-10T16:10:07","date_gmt":"2022-02-10T16:10:07","guid":{"rendered":"https:\/\/projetctd.sltm.ca\/index.php\/renovation\/"},"modified":"2025-03-23T19:07:55","modified_gmt":"2025-03-23T19:07:55","slug":"renovation","status":"publish","type":"page","link":"https:\/\/projetctd.ca\/en\/renovation\/","title":{"rendered":"Renovation"},"content":{"rendered":"\t\t<div data-elementor-type=\"wp-page\" data-elementor-id=\"5341\" class=\"elementor elementor-5341 elementor-5052\" data-elementor-post-type=\"page\">\n\t\t\t\t\t\t<section class=\"elementor-section elementor-top-section elementor-element elementor-element-0c6d3ff elementor-section-boxed elementor-section-height-default elementor-section-height-default\" data-id=\"0c6d3ff\" data-element_type=\"section\" data-e-type=\"section\">\n\t\t\t\t\t\t<div class=\"elementor-container elementor-column-gap-extended\">\n\t\t\t\t\t<div class=\"elementor-column elementor-col-50 elementor-top-column elementor-element elementor-element-a4791ef ot-flex-column-vertical\" data-id=\"a4791ef\" data-element_type=\"column\" data-e-type=\"column\">\n\t\t\t<div class=\"elementor-widget-wrap elementor-element-populated\">\n\t\t\t\t\t\t<div class=\"elementor-element elementor-element-1ae45b6 elementor-align-left elementor-widget elementor-widget-button\" data-id=\"1ae45b6\" data-element_type=\"widget\" data-e-type=\"widget\" data-widget_type=\"button.default\">\n\t\t\t\t<div class=\"elementor-widget-container\">\n\t\t\t\t\t\t\t\t\t<div class=\"elementor-button-wrapper\">\n\t\t\t\t\t<a class=\"elementor-button elementor-button-link elementor-size-sm\" href=\"https:\/\/projetctd.ca\/en\/framework-construction\/\">\n\t\t\t\t\t\t<span class=\"elementor-button-content-wrapper\">\n\t\t\t\t\t\t\t\t\t<span class=\"elementor-button-text\">01. FRAMEWORK CONSTRUCTION<\/span>\n\t\t\t\t\t<\/span>\n\t\t\t\t\t<\/a>\n\t\t\t\t<\/div>\n\t\t\t\t\t\t\t\t<\/div>\n\t\t\t\t<\/div>\n\t\t\t\t<div class=\"elementor-element elementor-element-7fbbeb8 elementor-widget elementor-widget-spacer\" data-id=\"7fbbeb8\" data-element_type=\"widget\" data-e-type=\"widget\" data-widget_type=\"spacer.default\">\n\t\t\t\t<div class=\"elementor-widget-container\">\n\t\t\t\t\t\t\t<div class=\"elementor-spacer\">\n\t\t\t<div class=\"elementor-spacer-inner\"><\/div>\n\t\t<\/div>\n\t\t\t\t\t\t<\/div>\n\t\t\t\t<\/div>\n\t\t\t\t<div class=\"elementor-element elementor-element-8920f5d elementor-align-left elementor-widget elementor-widget-button\" data-id=\"8920f5d\" data-element_type=\"widget\" data-e-type=\"widget\" data-widget_type=\"button.default\">\n\t\t\t\t<div class=\"elementor-widget-container\">\n\t\t\t\t\t\t\t\t\t<div class=\"elementor-button-wrapper\">\n\t\t\t\t\t<a class=\"elementor-button elementor-button-link elementor-size-sm\" href=\"https:\/\/projetctd.ca\/en\/construction\/\">\n\t\t\t\t\t\t<span class=\"elementor-button-content-wrapper\">\n\t\t\t\t\t\t\t\t\t<span class=\"elementor-button-text\">02. CONSTRUCTION<\/span>\n\t\t\t\t\t<\/span>\n\t\t\t\t\t<\/a>\n\t\t\t\t<\/div>\n\t\t\t\t\t\t\t\t<\/div>\n\t\t\t\t<\/div>\n\t\t\t\t<div class=\"elementor-element elementor-element-f37af00 elementor-widget elementor-widget-spacer\" data-id=\"f37af00\" data-element_type=\"widget\" data-e-type=\"widget\" data-widget_type=\"spacer.default\">\n\t\t\t\t<div class=\"elementor-widget-container\">\n\t\t\t\t\t\t\t<div class=\"elementor-spacer\">\n\t\t\t<div class=\"elementor-spacer-inner\"><\/div>\n\t\t<\/div>\n\t\t\t\t\t\t<\/div>\n\t\t\t\t<\/div>\n\t\t\t\t<div class=\"elementor-element elementor-element-1c81b4c elementor-align-left elementor-widget elementor-widget-button\" data-id=\"1c81b4c\" data-element_type=\"widget\" data-e-type=\"widget\" data-widget_type=\"button.default\">\n\t\t\t\t<div class=\"elementor-widget-container\">\n\t\t\t\t\t\t\t\t\t<div class=\"elementor-button-wrapper\">\n\t\t\t\t\t<a class=\"elementor-button elementor-button-link elementor-size-sm\" href=\"https:\/\/projetctd.ca\/en\/interior-finishing\/\">\n\t\t\t\t\t\t<span class=\"elementor-button-content-wrapper\">\n\t\t\t\t\t\t\t\t\t<span class=\"elementor-button-text\">03. INTERIOR FINISHING<\/span>\n\t\t\t\t\t<\/span>\n\t\t\t\t\t<\/a>\n\t\t\t\t<\/div>\n\t\t\t\t\t\t\t\t<\/div>\n\t\t\t\t<\/div>\n\t\t\t\t<div class=\"elementor-element elementor-element-3c1fd3a elementor-widget elementor-widget-spacer\" data-id=\"3c1fd3a\" data-element_type=\"widget\" data-e-type=\"widget\" data-widget_type=\"spacer.default\">\n\t\t\t\t<div class=\"elementor-widget-container\">\n\t\t\t\t\t\t\t<div class=\"elementor-spacer\">\n\t\t\t<div class=\"elementor-spacer-inner\"><\/div>\n\t\t<\/div>\n\t\t\t\t\t\t<\/div>\n\t\t\t\t<\/div>\n\t\t\t\t<div class=\"elementor-element elementor-element-8db2ab5 elementor-align-left elementor-widget elementor-widget-button\" data-id=\"8db2ab5\" data-element_type=\"widget\" data-e-type=\"widget\" data-widget_type=\"button.default\">\n\t\t\t\t<div class=\"elementor-widget-container\">\n\t\t\t\t\t\t\t\t\t<div class=\"elementor-button-wrapper\">\n\t\t\t\t\t<a class=\"elementor-button elementor-button-link elementor-size-sm\" href=\"https:\/\/projetctd.ca\/en\/renovation\/\">\n\t\t\t\t\t\t<span class=\"elementor-button-content-wrapper\">\n\t\t\t\t\t\t\t\t\t<span class=\"elementor-button-text\">04. RENOVATION<\/span>\n\t\t\t\t\t<\/span>\n\t\t\t\t\t<\/a>\n\t\t\t\t<\/div>\n\t\t\t\t\t\t\t\t<\/div>\n\t\t\t\t<\/div>\n\t\t\t\t\t<\/div>\n\t\t<\/div>\n\t\t\t\t<div class=\"elementor-column elementor-col-50 elementor-top-column elementor-element elementor-element-782b8b9 ot-flex-column-vertical\" data-id=\"782b8b9\" data-element_type=\"column\" data-e-type=\"column\">\n\t\t\t<div class=\"elementor-widget-wrap elementor-element-populated\">\n\t\t\t\t\t\t<div class=\"elementor-element elementor-element-ca8d5a7 elementor-widget elementor-widget-iheading\" data-id=\"ca8d5a7\" data-element_type=\"widget\" data-e-type=\"widget\" data-widget_type=\"iheading.default\">\n\t\t\t\t<div class=\"elementor-widget-container\">\n\t\t\t\t\t\t\t<div class=\"ot-heading \">\r\n\t        \t            <span>Small or big<\/span>\r\n\t        \t        <h2 class=\"main-heading\">CTD is YOUR renovation contractor!<\/h2>\r\n\t        \t    <\/div>\r\n\t    \t\t\t\t<\/div>\n\t\t\t\t<\/div>\n\t\t\t\t<div class=\"elementor-element elementor-element-3430ab0 elementor-widget elementor-widget-spacer\" data-id=\"3430ab0\" data-element_type=\"widget\" data-e-type=\"widget\" data-widget_type=\"spacer.default\">\n\t\t\t\t<div class=\"elementor-widget-container\">\n\t\t\t\t\t\t\t<div class=\"elementor-spacer\">\n\t\t\t<div class=\"elementor-spacer-inner\"><\/div>\n\t\t<\/div>\n\t\t\t\t\t\t<\/div>\n\t\t\t\t<\/div>\n\t\t\t\t<div class=\"elementor-element elementor-element-b5fdf09 elementor-widget elementor-widget-text-editor\" data-id=\"b5fdf09\" data-element_type=\"widget\" data-e-type=\"widget\" data-widget_type=\"text-editor.default\">\n\t\t\t\t<div class=\"elementor-widget-container\">\n\t\t\t\t\t\t\t\t\t<p>At <span style=\"color: #808080;\"><a style=\"color: #808080;\" href=\"https:\/\/projetctd.ca\/en\/\">Projet CTD<\/a><\/span>, we understand that renovation is much more than simply updating your space. It&#8217;s a reinvention of your home or workplace, a way to reflect your evolution and meet your changing needs. Our skilled renovation contractor service is designed to transform your spaces while ensuring a smooth and satisfying experience.<\/p>\t\t\t\t\t\t\t\t<\/div>\n\t\t\t\t<\/div>\n\t\t\t\t<div class=\"elementor-element elementor-element-b0972c6 elementor-widget elementor-widget-irprojects\" data-id=\"b0972c6\" data-element_type=\"widget\" data-e-type=\"widget\" data-widget_type=\"irprojects.default\">\n\t\t\t\t<div class=\"elementor-widget-container\">\n\t\t\t\t\t\t\t<div class=\"project-slider projects-grid swiper-container style-1 img-scale\"  data-show=\"\" data-show-tablet=\"\" data-show-mobile=\"\" data-scroll=\"\" data-scroll-tablet=\"\" data-scroll-mobile=\"\" data-gaps=\"\" data-gaps-tablet=\"\" data-gaps-mobile=\"\">\r\n\t\t\t<div class=\"swiper-wrapper\">\r\n\t\t\t\t<div class=\"project-items swiper-slide\">\r\n\t<div class=\"projects-box\">\r\n\t\t<div class=\"projects-thumbnail\">\r\n\t\t\t<a href=\"https:\/\/projetctd.ca\/en\/portfolio\/renovations-9\/\">\r\n\t\t\t\t<img fetchpriority=\"high\" decoding=\"async\" width=\"720\" height=\"720\" src=\"https:\/\/projetctd.ca\/wp-content\/uploads\/2022\/02\/IMG_2652-720x720.jpg\" class=\"attachment-theratio-portfolio-thumbnail-grid size-theratio-portfolio-thumbnail-grid wp-post-image\" alt=\"sous-sol r\u00e9nov\u00e9\" srcset=\"https:\/\/projetctd.ca\/wp-content\/uploads\/2022\/02\/IMG_2652-720x720.jpg 720w, https:\/\/projetctd.ca\/wp-content\/uploads\/2022\/02\/IMG_2652-150x150.jpg 150w\" sizes=\"(max-width: 720px) 100vw, 720px\" title=\"\">\t\t\t<\/a>\r\n\t\t\t<span class=\"overlay\"><i class=\"ot-flaticon-add\"><\/i><\/span>\r\n\t\t<\/div>\r\n\t\t<div class=\"portfolio-info\">\r\n\t\t\t<div class=\"portfolio-info-inner\">\r\n\t\t\t\t<h5><a class=\"title-link\" href=\"https:\/\/projetctd.ca\/en\/portfolio\/renovations-9\/\">Renovations<\/a><\/h5>\r\n\t\t\t\t<p class=\"portfolio-cates\"><a href=\"https:\/\/projetctd.ca\/en\/portfolio-category\/renovation-2\/\">Renovation<\/a><\/p> \r\n\t\t\t<\/div>\r\n\t\t\t<a class=\"overlay\" href=\"https:\/\/projetctd.ca\/en\/portfolio\/renovations-9\/\"><\/a>\r\n\t\t<\/div>\r\n\t<\/div>\r\n<\/div>\r\n<div class=\"project-items swiper-slide\">\r\n\t<div class=\"projects-box\">\r\n\t\t<div class=\"projects-thumbnail\">\r\n\t\t\t<a href=\"https:\/\/projetctd.ca\/en\/portfolio\/title\/\">\r\n\t\t\t\t<img decoding=\"async\" width=\"720\" height=\"720\" src=\"https:\/\/projetctd.ca\/wp-content\/uploads\/2022\/02\/IMG_3388-min-720x720.jpg\" class=\"attachment-theratio-portfolio-thumbnail-grid size-theratio-portfolio-thumbnail-grid wp-post-image\" alt=\"cuisine dans un condo moderne\" srcset=\"https:\/\/projetctd.ca\/wp-content\/uploads\/2022\/02\/IMG_3388-min-720x720.jpg 720w, https:\/\/projetctd.ca\/wp-content\/uploads\/2022\/02\/IMG_3388-min-150x150.jpg 150w\" sizes=\"(max-width: 720px) 100vw, 720px\" title=\"\">\t\t\t<\/a>\r\n\t\t\t<span class=\"overlay\"><i class=\"ot-flaticon-add\"><\/i><\/span>\r\n\t\t<\/div>\r\n\t\t<div class=\"portfolio-info\">\r\n\t\t\t<div class=\"portfolio-info-inner\">\r\n\t\t\t\t<h5><a class=\"title-link\" href=\"https:\/\/projetctd.ca\/en\/portfolio\/title\/\">Title<\/a><\/h5>\r\n\t\t\t\t<p class=\"portfolio-cates\"><a href=\"https:\/\/projetctd.ca\/en\/portfolio-category\/interior-finishing\/\">Interior finishing<\/a><\/p> \r\n\t\t\t<\/div>\r\n\t\t\t<a class=\"overlay\" href=\"https:\/\/projetctd.ca\/en\/portfolio\/title\/\"><\/a>\r\n\t\t<\/div>\r\n\t<\/div>\r\n<\/div>\r\n<div class=\"project-items swiper-slide\">\r\n\t<div class=\"projects-box\">\r\n\t\t<div class=\"projects-thumbnail\">\r\n\t\t\t<a href=\"https:\/\/projetctd.ca\/en\/portfolio\/renovations-8\/\">\r\n\t\t\t\t<img decoding=\"async\" width=\"720\" height=\"720\" src=\"https:\/\/projetctd.ca\/wp-content\/uploads\/2022\/02\/IMG_2659-720x720.jpg\" class=\"attachment-theratio-portfolio-thumbnail-grid size-theratio-portfolio-thumbnail-grid wp-post-image\" alt=\"salle de bain moderne\" srcset=\"https:\/\/projetctd.ca\/wp-content\/uploads\/2022\/02\/IMG_2659-720x720.jpg 720w, https:\/\/projetctd.ca\/wp-content\/uploads\/2022\/02\/IMG_2659-150x150.jpg 150w\" sizes=\"(max-width: 720px) 100vw, 720px\" title=\"\">\t\t\t<\/a>\r\n\t\t\t<span class=\"overlay\"><i class=\"ot-flaticon-add\"><\/i><\/span>\r\n\t\t<\/div>\r\n\t\t<div class=\"portfolio-info\">\r\n\t\t\t<div class=\"portfolio-info-inner\">\r\n\t\t\t\t<h5><a class=\"title-link\" href=\"https:\/\/projetctd.ca\/en\/portfolio\/renovations-8\/\">Renovations<\/a><\/h5>\r\n\t\t\t\t<p class=\"portfolio-cates\"><a href=\"https:\/\/projetctd.ca\/en\/portfolio-category\/renovation-2\/\">Renovation<\/a><\/p> \r\n\t\t\t<\/div>\r\n\t\t\t<a class=\"overlay\" href=\"https:\/\/projetctd.ca\/en\/portfolio\/renovations-8\/\"><\/a>\r\n\t\t<\/div>\r\n\t<\/div>\r\n<\/div>\r\n<div class=\"project-items swiper-slide\">\r\n\t<div class=\"projects-box\">\r\n\t\t<div class=\"projects-thumbnail\">\r\n\t\t\t<a href=\"https:\/\/projetctd.ca\/en\/portfolio\/renovations-7\/\">\r\n\t\t\t\t<img loading=\"lazy\" decoding=\"async\" width=\"720\" height=\"720\" src=\"https:\/\/projetctd.ca\/wp-content\/uploads\/2022\/02\/IMG_2899-720x720.jpg\" class=\"attachment-theratio-portfolio-thumbnail-grid size-theratio-portfolio-thumbnail-grid wp-post-image\" alt=\"maison r\u00e9nov\u00e9e mur de t\u00e9l\u00e9 en bois\" srcset=\"https:\/\/projetctd.ca\/wp-content\/uploads\/2022\/02\/IMG_2899-720x720.jpg 720w, https:\/\/projetctd.ca\/wp-content\/uploads\/2022\/02\/IMG_2899-150x150.jpg 150w\" sizes=\"(max-width: 720px) 100vw, 720px\" title=\"\">\t\t\t<\/a>\r\n\t\t\t<span class=\"overlay\"><i class=\"ot-flaticon-add\"><\/i><\/span>\r\n\t\t<\/div>\r\n\t\t<div class=\"portfolio-info\">\r\n\t\t\t<div class=\"portfolio-info-inner\">\r\n\t\t\t\t<h5><a class=\"title-link\" href=\"https:\/\/projetctd.ca\/en\/portfolio\/renovations-7\/\">Renovations<\/a><\/h5>\r\n\t\t\t\t<p class=\"portfolio-cates\"><a href=\"https:\/\/projetctd.ca\/en\/portfolio-category\/renovation-2\/\">Renovation<\/a><\/p> \r\n\t\t\t<\/div>\r\n\t\t\t<a class=\"overlay\" href=\"https:\/\/projetctd.ca\/en\/portfolio\/renovations-7\/\"><\/a>\r\n\t\t<\/div>\r\n\t<\/div>\r\n<\/div>\r\n<div class=\"project-items swiper-slide\">\r\n\t<div class=\"projects-box\">\r\n\t\t<div class=\"projects-thumbnail\">\r\n\t\t\t<a href=\"https:\/\/projetctd.ca\/en\/portfolio\/renovations\/\">\r\n\t\t\t\t<img loading=\"lazy\" decoding=\"async\" width=\"720\" height=\"720\" src=\"https:\/\/projetctd.ca\/wp-content\/uploads\/2022\/02\/IMG_2912-720x720.jpg\" class=\"attachment-theratio-portfolio-thumbnail-grid size-theratio-portfolio-thumbnail-grid wp-post-image\" alt=\"salon dans une maison moderne\" srcset=\"https:\/\/projetctd.ca\/wp-content\/uploads\/2022\/02\/IMG_2912-720x720.jpg 720w, https:\/\/projetctd.ca\/wp-content\/uploads\/2022\/02\/IMG_2912-150x150.jpg 150w\" sizes=\"(max-width: 720px) 100vw, 720px\" title=\"\">\t\t\t<\/a>\r\n\t\t\t<span class=\"overlay\"><i class=\"ot-flaticon-add\"><\/i><\/span>\r\n\t\t<\/div>\r\n\t\t<div class=\"portfolio-info\">\r\n\t\t\t<div class=\"portfolio-info-inner\">\r\n\t\t\t\t<h5><a class=\"title-link\" href=\"https:\/\/projetctd.ca\/en\/portfolio\/renovations\/\">Renovations<\/a><\/h5>\r\n\t\t\t\t<p class=\"portfolio-cates\"><a href=\"https:\/\/projetctd.ca\/en\/portfolio-category\/renovation-2\/\">Renovation<\/a><\/p> \r\n\t\t\t<\/div>\r\n\t\t\t<a class=\"overlay\" href=\"https:\/\/projetctd.ca\/en\/portfolio\/renovations\/\"><\/a>\r\n\t\t<\/div>\r\n\t<\/div>\r\n<\/div>\r\n<div class=\"project-items swiper-slide\">\r\n\t<div class=\"projects-box\">\r\n\t\t<div class=\"projects-thumbnail\">\r\n\t\t\t<a href=\"https:\/\/projetctd.ca\/en\/portfolio\/new-construction\/\">\r\n\t\t\t\t<img loading=\"lazy\" decoding=\"async\" width=\"720\" height=\"720\" src=\"https:\/\/projetctd.ca\/wp-content\/uploads\/2023\/11\/chalet1-1-720x720.jpg\" class=\"attachment-theratio-portfolio-thumbnail-grid size-theratio-portfolio-thumbnail-grid wp-post-image\" alt=\"maison moderne\" srcset=\"https:\/\/projetctd.ca\/wp-content\/uploads\/2023\/11\/chalet1-1-720x720.jpg 720w, https:\/\/projetctd.ca\/wp-content\/uploads\/2023\/11\/chalet1-1-300x300.jpg 300w, https:\/\/projetctd.ca\/wp-content\/uploads\/2023\/11\/chalet1-1-1024x1024.jpg 1024w, https:\/\/projetctd.ca\/wp-content\/uploads\/2023\/11\/chalet1-1-150x150.jpg 150w, https:\/\/projetctd.ca\/wp-content\/uploads\/2023\/11\/chalet1-1-768x768.jpg 768w, https:\/\/projetctd.ca\/wp-content\/uploads\/2023\/11\/chalet1-1-1536x1536.jpg 1536w, https:\/\/projetctd.ca\/wp-content\/uploads\/2023\/11\/chalet1-1.jpg 1920w\" sizes=\"(max-width: 720px) 100vw, 720px\" title=\"\">\t\t\t<\/a>\r\n\t\t\t<span class=\"overlay\"><i class=\"ot-flaticon-add\"><\/i><\/span>\r\n\t\t<\/div>\r\n\t\t<div class=\"portfolio-info\">\r\n\t\t\t<div class=\"portfolio-info-inner\">\r\n\t\t\t\t<h5><a class=\"title-link\" href=\"https:\/\/projetctd.ca\/en\/portfolio\/new-construction\/\">New construction<\/a><\/h5>\r\n\t\t\t\t<p class=\"portfolio-cates\"><a href=\"https:\/\/projetctd.ca\/en\/portfolio-category\/renovation-2\/\">Renovation<\/a><\/p> \r\n\t\t\t<\/div>\r\n\t\t\t<a class=\"overlay\" href=\"https:\/\/projetctd.ca\/en\/portfolio\/new-construction\/\"><\/a>\r\n\t\t<\/div>\r\n\t<\/div>\r\n<\/div>\r\n\t\t\t<\/div>\r\n\t\t\t\t\t\t\t    <\/div>\r\n\t    \t\t\t\t<\/div>\n\t\t\t\t<\/div>\n\t\t\t\t<div class=\"elementor-element elementor-element-9861a93 elementor-widget elementor-widget-text-editor\" data-id=\"9861a93\" data-element_type=\"widget\" data-e-type=\"widget\" data-widget_type=\"text-editor.default\">\n\t\t\t\t<div class=\"elementor-widget-container\">\n\t\t\t\t\t\t\t\t\t<p>Our renovation process begins by listening carefully to your ideas and needs. Whether you want to modernise your kitchen, transform your bathroom, or completely redesign your living space, our team is here to make your vision a reality.<\/p>\t\t\t\t\t\t\t\t<\/div>\n\t\t\t\t<\/div>\n\t\t\t\t<div class=\"elementor-element elementor-element-b522a53 elementor-widget elementor-widget-image\" data-id=\"b522a53\" data-element_type=\"widget\" data-e-type=\"widget\" data-widget_type=\"image.default\">\n\t\t\t\t<div class=\"elementor-widget-container\">\n\t\t\t\t\t\t\t\t\t\t\t\t\t\t\t<img loading=\"lazy\" decoding=\"async\" width=\"1900\" height=\"1920\" src=\"https:\/\/projetctd.ca\/wp-content\/uploads\/2022\/02\/1Sans-titre-1.jpg\" class=\"attachment-full size-full wp-image-5457\" alt=\"\u00e9chafaudage dans une maison entrepreneur en r\u00e9novation renovation contractor\" srcset=\"https:\/\/projetctd.ca\/wp-content\/uploads\/2022\/02\/1Sans-titre-1.jpg 1900w, https:\/\/projetctd.ca\/wp-content\/uploads\/2022\/02\/1Sans-titre-1-297x300.jpg 297w, https:\/\/projetctd.ca\/wp-content\/uploads\/2022\/02\/1Sans-titre-1-1013x1024.jpg 1013w, https:\/\/projetctd.ca\/wp-content\/uploads\/2022\/02\/1Sans-titre-1-768x776.jpg 768w, https:\/\/projetctd.ca\/wp-content\/uploads\/2022\/02\/1Sans-titre-1-1520x1536.jpg 1520w\" sizes=\"(max-width: 1900px) 100vw, 1900px\" title=\"\">\t\t\t\t\t\t\t\t\t\t\t\t\t\t\t<\/div>\n\t\t\t\t<\/div>\n\t\t\t\t<section class=\"elementor-section elementor-inner-section elementor-element elementor-element-23b06e1 elementor-section-full_width elementor-section-height-default elementor-section-height-default\" data-id=\"23b06e1\" data-element_type=\"section\" data-e-type=\"section\">\n\t\t\t\t\t\t<div class=\"elementor-container elementor-column-gap-default\">\n\t\t\t\t\t<div class=\"elementor-column elementor-col-33 elementor-inner-column elementor-element elementor-element-ef8b54f ot-flex-column-vertical\" data-id=\"ef8b54f\" data-element_type=\"column\" data-e-type=\"column\">\n\t\t\t<div class=\"elementor-widget-wrap elementor-element-populated\">\n\t\t\t\t\t\t<div class=\"elementor-element elementor-element-b45e461 elementor-widget elementor-widget-iprogress\" data-id=\"b45e461\" data-element_type=\"widget\" data-e-type=\"widget\" data-widget_type=\"iprogress.default\">\n\t\t\t\t<div class=\"elementor-widget-container\">\n\t\t\t\t\t\r\n\t\t\t\t<div class=\"circle-progress tbottom\" data-color=\"#939393\" data-height=\"2\" data-size=\"165\">\r\n\t\t\t<div class=\"inner-bar\" data-percent=\"100\">\r\n\t\t\t\t<span>\r\n\t\t\t\t\t<span class=\"percent\">100<\/span>\t\t\t\t<\/span>\r\n\t\t\t<\/div>\r\n\t\t\t<h4>Satisfaction<\/h4>\t\t<\/div>\r\n\t\t\r\n\t    \t\t\t\t<\/div>\n\t\t\t\t<\/div>\n\t\t\t\t<div class=\"elementor-element elementor-element-55ab58d elementor-widget elementor-widget-text-editor\" data-id=\"55ab58d\" data-element_type=\"widget\" data-e-type=\"widget\" data-widget_type=\"text-editor.default\">\n\t\t\t\t<div class=\"elementor-widget-container\">\n\t\t\t\t\t\t\t\t\t<p>Your satisfaction is our #1 mandate.<\/p>\n\t\t\t\t\t\t\t\t<\/div>\n\t\t\t\t<\/div>\n\t\t\t\t\t<\/div>\n\t\t<\/div>\n\t\t\t\t<div class=\"elementor-column elementor-col-33 elementor-inner-column elementor-element elementor-element-c5f9188 ot-flex-column-vertical\" data-id=\"c5f9188\" data-element_type=\"column\" data-e-type=\"column\">\n\t\t\t<div class=\"elementor-widget-wrap elementor-element-populated\">\n\t\t\t\t\t\t<div class=\"elementor-element elementor-element-0a79293 elementor-widget elementor-widget-iprogress\" data-id=\"0a79293\" data-element_type=\"widget\" data-e-type=\"widget\" data-widget_type=\"iprogress.default\">\n\t\t\t\t<div class=\"elementor-widget-container\">\n\t\t\t\t\t\r\n\t\t\t\t<div class=\"circle-progress tbottom\" data-color=\"#939393\" data-height=\"2\" data-size=\"165\">\r\n\t\t\t<div class=\"inner-bar\" data-percent=\"100\">\r\n\t\t\t\t<span>\r\n\t\t\t\t\t<span class=\"percent\">100<\/span>\t\t\t\t<\/span>\r\n\t\t\t<\/div>\r\n\t\t\t<h4>TRANSPARENCY<\/h4>\t\t<\/div>\r\n\t\t\r\n\t    \t\t\t\t<\/div>\n\t\t\t\t<\/div>\n\t\t\t\t<div class=\"elementor-element elementor-element-455e291 elementor-widget elementor-widget-text-editor\" data-id=\"455e291\" data-element_type=\"widget\" data-e-type=\"widget\" data-widget_type=\"text-editor.default\">\n\t\t\t\t<div class=\"elementor-widget-container\">\n\t\t\t\t\t\t\t\t\t<p>Transparency is our primary quality.<\/p>\n\t\t\t\t\t\t\t\t<\/div>\n\t\t\t\t<\/div>\n\t\t\t\t\t<\/div>\n\t\t<\/div>\n\t\t\t\t<div class=\"elementor-column elementor-col-33 elementor-inner-column elementor-element elementor-element-61e2545 ot-flex-column-vertical\" data-id=\"61e2545\" data-element_type=\"column\" data-e-type=\"column\">\n\t\t\t<div class=\"elementor-widget-wrap elementor-element-populated\">\n\t\t\t\t\t\t<div class=\"elementor-element elementor-element-1e3be67 elementor-widget elementor-widget-iprogress\" data-id=\"1e3be67\" data-element_type=\"widget\" data-e-type=\"widget\" data-widget_type=\"iprogress.default\">\n\t\t\t\t<div class=\"elementor-widget-container\">\n\t\t\t\t\t\r\n\t\t\t\t<div class=\"circle-progress tbottom\" data-color=\"#939393\" data-height=\"2\" data-size=\"165\">\r\n\t\t\t<div class=\"inner-bar\" data-percent=\"99\">\r\n\t\t\t\t<span>\r\n\t\t\t\t\t<span class=\"percent\">99<\/span>\t\t\t\t<\/span>\r\n\t\t\t<\/div>\r\n\t\t\t<h4>COMPLIANCE<\/h4>\t\t<\/div>\r\n\t\t\r\n\t    \t\t\t\t<\/div>\n\t\t\t\t<\/div>\n\t\t\t\t<div class=\"elementor-element elementor-element-06e733e elementor-widget elementor-widget-text-editor\" data-id=\"06e733e\" data-element_type=\"widget\" data-e-type=\"widget\" data-widget_type=\"text-editor.default\">\n\t\t\t\t<div class=\"elementor-widget-container\">\n\t\t\t\t\t\t\t\t\t<p>Always compliant. Except once at the chalet.<\/p>\n\t\t\t\t\t\t\t\t<\/div>\n\t\t\t\t<\/div>\n\t\t\t\t\t<\/div>\n\t\t<\/div>\n\t\t\t\t\t<\/div>\n\t\t<\/section>\n\t\t\t\t<div class=\"elementor-element elementor-element-2cbe186 elementor-widget elementor-widget-iheading\" data-id=\"2cbe186\" data-element_type=\"widget\" data-e-type=\"widget\" data-widget_type=\"iheading.default\">\n\t\t\t\t<div class=\"elementor-widget-container\">\n\t\t\t\t\t\t\t<div class=\"ot-heading is-dots\">\r\n\t        \t            <span>[ CUSTOMER SATISFACTION ]<\/span>\r\n\t        \t        <h2 class=\"main-heading\">TESTIMONIALS<\/h2>\r\n\t        \t    <\/div>\r\n\t    \t\t\t\t<\/div>\n\t\t\t\t<\/div>\n\t\t\t\t<div class=\"elementor-element elementor-element-eaa6118 elementor-widget elementor-widget-itestimonials\" data-id=\"eaa6118\" data-element_type=\"widget\" data-e-type=\"widget\" data-widget_type=\"itestimonials.default\">\n\t\t\t\t<div class=\"elementor-widget-container\">\n\t\t\t\t\t\r\n\t\t<div class=\"ot-testimonials v-light\">\t\t\t\t\t\t\r\n\t\t\t<div class=\"testimonial-inner ot-testimonials-slider-s1 swiper-container\"  data-show=\"2\" data-show-tablet=\"\" data-show-mobile=\"\" data-scroll=\"\" data-scroll-tablet=\"\" data-scroll-mobile=\"\">\r\n\t\t\t\t<div class=\"swiper-wrapper\">\r\n\t\t\t\t\t\t\t\t\t<div class=\"swiper-slide\">\r\n\t\t\t\t\t\t<div class=\"testi-item\">\r\n\t\t\t\t\t        <div class=\"ttext\">\r\n\t\t\t\t\t        \t<div class=\"layer-behind\"><\/div>\r\n\t\t\t\t\t        \t<span><\/span>\r\n\t\t\t\t\t        \tChad did my kitchen remodel. I am so happy! He gave me good advice. \t\t\t\t\t        <\/div>\r\n\t\t\t\t\t        <div class=\"t-head flex-middle\">\r\n\t\t\t\t\t\t\t\t\t\t\t\t\t        \t<div class=\"tinfo\">\r\n\t\t\t\t\t        \t\t<h6>Joanie S\u00e9guin<\/h6>\r\n\t\t\t\t\t        \t\t<span>Happy customer<\/span>\t\t\t\t\t        \t<\/div>\r\n\t\t\t\t        \t<\/div>\r\n\t\t\t        \t<\/div>\r\n\t\t\t\t\t<\/div>\r\n\t\t\t\t\t\t\t\t\t<div class=\"swiper-slide\">\r\n\t\t\t\t\t\t<div class=\"testi-item\">\r\n\t\t\t\t\t        <div class=\"ttext\">\r\n\t\t\t\t\t        \t<div class=\"layer-behind\"><\/div>\r\n\t\t\t\t\t        \t<span><\/span>\r\n\t\t\t\t\t        \tWe always entrust the renovation of our rental units to Chad. We always have good service.\t\t\t\t\t        <\/div>\r\n\t\t\t\t\t        <div class=\"t-head flex-middle\">\r\n\t\t\t\t\t\t\t\t\t\t\t\t\t        \t<div class=\"tinfo\">\r\n\t\t\t\t\t        \t\t<h6>Patrick Sirianni<\/h6>\r\n\t\t\t\t\t        \t\t<span>Constructions Sirianni<\/span>\t\t\t\t\t        \t<\/div>\r\n\t\t\t\t        \t<\/div>\r\n\t\t\t        \t<\/div>\r\n\t\t\t\t\t<\/div>\r\n\t\t\t\t\t\t\t\t\t<div class=\"swiper-slide\">\r\n\t\t\t\t\t\t<div class=\"testi-item\">\r\n\t\t\t\t\t        <div class=\"ttext\">\r\n\t\t\t\t\t        \t<div class=\"layer-behind\"><\/div>\r\n\t\t\t\t\t        \t<span><\/span>\r\n\t\t\t\t\t        \tWe wanted to renovate, but we didn't know where to start. Chad is really good at what he does. Our project went well. \t\t\t\t\t        <\/div>\r\n\t\t\t\t\t        <div class=\"t-head flex-middle\">\r\n\t\t\t\t\t\t\t\t\t\t\t\t\t        \t<div class=\"tinfo\">\r\n\t\t\t\t\t        \t\t<h6>Maryse Lanthier<\/h6>\r\n\t\t\t\t\t        \t\t<span>Renovation completed <\/span>\t\t\t\t\t        \t<\/div>\r\n\t\t\t\t        \t<\/div>\r\n\t\t\t        \t<\/div>\r\n\t\t\t\t\t<\/div>\r\n\t\t\t\t\t\t\t\t<\/div>\r\n\r\n\t\t\t\t\t\t\t\t\t\t\t\t<!-- Add Dots -->\r\n\t\t\t\t<div class=\"octf-swiper-pagination\"><\/div>\r\n\t\t\t\t\t\t\t<\/div>\t\t\t\t\r\n\t    <\/div>\r\n\r\n\t    \t\t\t\t<\/div>\n\t\t\t\t<\/div>\n\t\t\t\t\t<\/div>\n\t\t<\/div>\n\t\t\t\t\t<\/div>\n\t\t<\/section>\n\t\t\t\t<\/div>\n\t\t","protected":false},"excerpt":{"rendered":"<p>01. FRAMEWORK CONSTRUCTION 02. CONSTRUCTION 03. INTERIOR FINISHING 04. RENOVATION Small or big CTD is YOUR renovation contractor! At Projet CTD, we understand that renovation is much more than simply updating your space. It&#8217;s a reinvention of your home or workplace, a way to reflect your evolution and meet your changing needs. Our skilled renovation [&hellip;]<\/p>\n","protected":false},"author":1,"featured_media":0,"parent":0,"menu_order":0,"comment_status":"closed","ping_status":"closed","template":"elementor_header_footer","meta":{"footnotes":""},"class_list":["post-5341","page","type-page","status-publish","hentry"],"_links":{"self":[{"href":"https:\/\/projetctd.ca\/en\/wp-json\/wp\/v2\/pages\/5341","targetHints":{"allow":["GET"]}}],"collection":[{"href":"https:\/\/projetctd.ca\/en\/wp-json\/wp\/v2\/pages"}],"about":[{"href":"https:\/\/projetctd.ca\/en\/wp-json\/wp\/v2\/types\/page"}],"author":[{"embeddable":true,"href":"https:\/\/projetctd.ca\/en\/wp-json\/wp\/v2\/users\/1"}],"replies":[{"embeddable":true,"href":"https:\/\/projetctd.ca\/en\/wp-json\/wp\/v2\/comments?post=5341"}],"version-history":[{"count":0,"href":"https:\/\/projetctd.ca\/en\/wp-json\/wp\/v2\/pages\/5341\/revisions"}],"wp:attachment":[{"href":"https:\/\/projetctd.ca\/en\/wp-json\/wp\/v2\/media?parent=5341"}],"curies":[{"name":"wp","href":"https:\/\/api.w.org\/{rel}","templated":true}]}}